{"id":699,"date":"2024-12-02T15:49:06","date_gmt":"2024-12-02T18:49:06","guid":{"rendered":"https:\/\/freiconfaloni.org.br\/?page_id=699"},"modified":"2024-12-02T16:12:07","modified_gmt":"2024-12-02T19:12:07","slug":"699-2","status":"publish","type":"page","link":"https:\/\/freiconfaloni.org.br\/?page_id=699","title":{"rendered":""},"content":{"rendered":"\n<p><\/p>\n\n\n\n<div class=\"wp-block-essential-blocks-wrapper alignfull  root-eb-wrapper-06gaxq4\"><div class=\"eb-parent-wrapper eb-parent-eb-wrapper-06gaxq4 \"><div class=\"eb-wrapper-outer eb-wrapper-06gaxq4\"><div class=\"eb-wrapper-inner\"><div class=\"eb-wrapper-inner-blocks eb-wrapper-align-center\"><div class=\"root-eb-post-grid-c64ffd4 alignfull flimo_postblog wp-block-essential-blocks-post-grid\">\n    <div class=\"eb-parent-wrapper eb-parent-eb-post-grid-c64ffd4 eb_animation eb___animated eb___fadeInUp\">\n        <div class=\"eb-post-grid-c64ffd4 style-1 eb-post-grid-wrapper\"\n            data-id=\"eb-post-grid-c64ffd4\"\n            data-querydata=\"{&quot;source&quot;:&quot;post&quot;,&quot;sourceIndex&quot;:0,&quot;rest_base&quot;:&quot;posts&quot;,&quot;rest_namespace&quot;:&quot;wp\\\/v2&quot;,&quot;author&quot;:&quot;[{\\&quot;value\\&quot;:1,\\&quot;label\\&quot;:\\&quot;PxSilveira\\&quot;}]&quot;,&quot;taxonomies&quot;:{&quot;category&quot;:{&quot;name&quot;:&quot;Categories&quot;,&quot;rest_base&quot;:&quot;categories&quot;,&quot;rest_namespace&quot;:&quot;wp\\\/v2&quot;,&quot;slug&quot;:&quot;category&quot;,&quot;value&quot;:&quot;[]&quot;}},&quot;per_page&quot;:&quot;3&quot;,&quot;offset&quot;:&quot;0&quot;,&quot;orderby&quot;:&quot;date&quot;,&quot;order&quot;:&quot;desc&quot;,&quot;include&quot;:&quot;&quot;,&quot;exclude&quot;:&quot;&quot;,&quot;exclude_current&quot;:false,&quot;exclude_password_protected&quot;:false}\"\n            data-attributes=\"{&quot;thumbnailSize&quot;:&quot;&quot;,&quot;loadMoreOptions&quot;:{&quot;enableMorePosts&quot;:false,&quot;loadMoreType&quot;:&quot;1&quot;,&quot;loadMoreButtonTxt&quot;:&quot;Load More&quot;,&quot;alignment&quot;:&quot;center&quot;,&quot;prevTxt&quot;:&quot;&lt;&quot;,&quot;nextTxt&quot;:&quot;&gt;&quot;,&quot;totalPosts&quot;:3},&quot;showSearch&quot;:false,&quot;showTaxonomyFilter&quot;:false,&quot;enableAjaxSearch&quot;:false,&quot;addIcon&quot;:false,&quot;iconPosition&quot;:&quot;left&quot;,&quot;icon&quot;:&quot;fas fa-chevron-right&quot;,&quot;preset&quot;:&quot;style-1&quot;,&quot;defaultFilter&quot;:&quot;all&quot;,&quot;version&quot;:&quot;v2&quot;,&quot;showBlockContent&quot;:true,&quot;showFallbackImg&quot;:false,&quot;fallbackImgUrl&quot;:&quot;&quot;,&quot;showThumbnail&quot;:true,&quot;showTitle&quot;:true,&quot;titleLength&quot;:&quot;&quot;,&quot;titleTag&quot;:&quot;h2&quot;,&quot;showContent&quot;:true,&quot;contentLength&quot;:50,&quot;expansionIndicator&quot;:&quot;&quot;,&quot;showReadMore&quot;:false,&quot;readmoreText&quot;:&quot;Read More&quot;,&quot;showMeta&quot;:true,&quot;headerMeta&quot;:&quot;[{\\&quot;value\\&quot;:\\&quot;date\\&quot;,\\&quot;label\\&quot;:\\&quot;Published Date\\&quot;}]&quot;,&quot;footerMeta&quot;:&quot;[]&quot;,&quot;authorPrefix&quot;:&quot;by&quot;,&quot;datePrefix&quot;:&quot;on&quot;}\">\n\n            \n\n            <div class=\"eb-post-grid-posts-wrapper\"><article class=\"ebpg-grid-post ebpg-post-grid-column\" data-id=\"824\"><div class=\"ebpg-grid-post-holder\"><div class=\"ebpg-entry-wrapper\"><div class=\"ebpg-entry-media\">\n                <div class=\"ebpg-entry-thumbnail\">\n                    <a class=\"ebpg-post-link-wrapper eb-sr-only\" href=\"https:\/\/freiconfaloni.org.br\/?p=824\">Visita \u00e0 Igreja de S\u00e3o Pedro Ap\u00f3stolo e \u00e0 casa do frei Confaloni, na rua Via do Santu\u00e1rio<\/a>\n                    <img fetchpriority=\"high\" decoding=\"async\" width=\"1280\" height=\"960\" src=\"https:\/\/freiconfaloni.org.br\/wp-content\/uploads\/2024\/12\/WhatsApp-Image-2024-09-09-at-06.24.15-1.jpeg\" class=\"attachment-full size-full\" alt=\"\" \/>\n                <\/div>\n            <\/div><header class=\"ebpg-entry-header\">\n            <h2 class=\"ebpg-entry-title\">\n                <a class=\"ebpg-grid-post-link\" href=\"https:\/\/freiconfaloni.org.br\/?p=824\" title=\"Visita \u00e0 Igreja de S\u00e3o Pedro Ap\u00f3stolo e \u00e0 casa do frei Confaloni, na rua Via do Santu\u00e1rio\">Visita \u00e0 Igreja de S\u00e3o Pedro Ap\u00f3stolo e \u00e0 casa do frei Confaloni, na rua Via do Santu\u00e1rio<\/a>\n            <\/h2>\n        <\/header><div class=\"ebpg-entry-meta ebpg-header-meta\"><div class=\"ebpg-entry-meta-items\"><span class=\"ebpg-posted-on\">\n            on <time dateTime=\"2024-12-03T01:53:02-03:00\">3 de dezembro de 2024<\/time>\n        <\/span><\/div><\/div><div class=\"ebpg-entry-content\"><div class=\"ebpg-grid-post-excerpt\">\n            <p><\/p>\n        <\/div><\/div><div class=\"ebpg-entry-meta ebpg-footer-meta\"><div class=\"ebpg-entry-meta-items\"><\/div><\/div><\/div><\/div><\/article><article class=\"ebpg-grid-post ebpg-post-grid-column\" data-id=\"243\"><div class=\"ebpg-grid-post-holder\"><div class=\"ebpg-entry-wrapper\"><div class=\"ebpg-entry-media\">\n                <div class=\"ebpg-entry-thumbnail\">\n                    <a class=\"ebpg-post-link-wrapper eb-sr-only\" href=\"https:\/\/freiconfaloni.org.br\/?p=243\">Grotte di Castro, apresenta\u00e7\u00e3o<\/a>\n                    <img decoding=\"async\" width=\"633\" height=\"488\" src=\"https:\/\/freiconfaloni.org.br\/wp-content\/uploads\/2024\/09\/05.png\" class=\"attachment-full size-full\" alt=\"\" \/>\n                <\/div>\n            <\/div><header class=\"ebpg-entry-header\">\n            <h2 class=\"ebpg-entry-title\">\n                <a class=\"ebpg-grid-post-link\" href=\"https:\/\/freiconfaloni.org.br\/?p=243\" title=\"Grotte di Castro, apresenta\u00e7\u00e3o\">Grotte di Castro, apresenta\u00e7\u00e3o<\/a>\n            <\/h2>\n        <\/header><div class=\"ebpg-entry-meta ebpg-header-meta\"><div class=\"ebpg-entry-meta-items\"><span class=\"ebpg-posted-on\">\n            on <time dateTime=\"2024-12-03T00:33:09-03:00\">3 de dezembro de 2024<\/time>\n        <\/span><\/div><\/div><div class=\"ebpg-entry-content\"><div class=\"ebpg-grid-post-excerpt\">\n            <p>Ele tinha ent\u00e3o apenas 22 anos, quando celebrou sua primeira missa, aqui na Igreja Paroquial de S\u00e3o Pedro Ap\u00f3stolo, no primeiro domingo de outubro de 1939. 11 anos depois, em 1950, ele foi para o meu pa\u00eds, o Brasil, a convite do Arcebispo Dom C\u00e2ndido Penso, que o conheceu em<\/p>\n        <\/div><\/div><div class=\"ebpg-entry-meta ebpg-footer-meta\"><div class=\"ebpg-entry-meta-items\"><\/div><\/div><\/div><\/div><\/article><article class=\"ebpg-grid-post ebpg-post-grid-column\" data-id=\"364\"><div class=\"ebpg-grid-post-holder\"><div class=\"ebpg-entry-wrapper\"><div class=\"ebpg-entry-media\">\n                <div class=\"ebpg-entry-thumbnail\">\n                    <a class=\"ebpg-post-link-wrapper eb-sr-only\" href=\"https:\/\/freiconfaloni.org.br\/?p=364\">Temos muito o que falar de frei Confaloni<\/a>\n                    <img decoding=\"async\" width=\"545\" height=\"349\" src=\"https:\/\/freiconfaloni.org.br\/wp-content\/uploads\/2024\/09\/confa.png\" class=\"attachment-full size-full\" alt=\"\" \/>\n                <\/div>\n            <\/div><header class=\"ebpg-entry-header\">\n            <h2 class=\"ebpg-entry-title\">\n                <a class=\"ebpg-grid-post-link\" href=\"https:\/\/freiconfaloni.org.br\/?p=364\" title=\"Temos muito o que falar de frei Confaloni\">Temos muito o que falar de frei Confaloni<\/a>\n            <\/h2>\n        <\/header><div class=\"ebpg-entry-meta ebpg-header-meta\"><div class=\"ebpg-entry-meta-items\"><span class=\"ebpg-posted-on\">\n            on <time dateTime=\"2024-09-11T00:34:43-03:00\">11 de setembro de 2024<\/time>\n        <\/span><\/div><\/div><div class=\"ebpg-entry-content\"><div class=\"ebpg-grid-post-excerpt\">\n            <p>Enquanto n\u00e3o se resolve o quiproqu\u00f3 que teve in\u00edcio h\u00e1 inacredit\u00e1veis 5 anos atr\u00e1s, com o ataque ao painel de frei Confaloni na sede deixada pela Secretaria Estadual de Educa\u00e7\u00e3o, o artista segue obtendo destaques e reconhecimentos.\u00a0\t\t\n\t\t\t\t\t\t\t\t\t\t\t\t\t\t\t\t\t\t\t\t\t\t\t\t\t\t\n\t\tEm julho recente (26\/06 a 14\/07\/2024) frei Confaloni estava com dois de seus quadros<\/p>\n        <\/div><\/div><div class=\"ebpg-entry-meta ebpg-footer-meta\"><div class=\"ebpg-entry-meta-items\"><\/div><\/div><\/div><\/div><\/article><\/div>        <\/div>\n    <\/div>\n<\/div>\n<\/div><\/div><\/div><\/div><\/div>\n","protected":false},"excerpt":{"rendered":"","protected":false},"author":1,"featured_media":0,"parent":0,"menu_order":0,"comment_status":"closed","ping_status":"closed","template":"","meta":{"_eb_attr":"","footnotes":""},"class_list":["post-699","page","type-page","status-publish","hentry"],"yoast_head":"<!-- This site is optimized with the Yoast SEO plugin v23.3 - https:\/\/yoast.com\/wordpress\/plugins\/seo\/ -->\n<title>- Frei Confaloni<\/title>\n<meta name=\"robots\" content=\"index, follow, max-snippet:-1, max-image-preview:large, max-video-preview:-1\" \/>\n<link rel=\"canonical\" href=\"https:\/\/freiconfaloni.org.br\/?page_id=699\" \/>\n<meta property=\"og:locale\" content=\"pt_BR\" \/>\n<meta property=\"og:type\" content=\"article\" \/>\n<meta property=\"og:title\" content=\"- Frei Confaloni\" \/>\n<meta property=\"og:url\" content=\"https:\/\/freiconfaloni.org.br\/?page_id=699\" \/>\n<meta property=\"og:site_name\" content=\"Frei Confaloni\" \/>\n<meta property=\"article:modified_time\" content=\"2024-12-02T19:12:07+00:00\" \/>\n<meta name=\"twitter:card\" content=\"summary_large_image\" \/>\n<script type=\"application\/ld+json\" class=\"yoast-schema-graph\">{\"@context\":\"https:\/\/schema.org\",\"@graph\":[{\"@type\":\"WebPage\",\"@id\":\"https:\/\/freiconfaloni.org.br\/?page_id=699\",\"url\":\"https:\/\/freiconfaloni.org.br\/?page_id=699\",\"name\":\"- Frei Confaloni\",\"isPartOf\":{\"@id\":\"https:\/\/freiconfaloni.org.br\/#website\"},\"datePublished\":\"2024-12-02T18:49:06+00:00\",\"dateModified\":\"2024-12-02T19:12:07+00:00\",\"inLanguage\":\"pt-BR\",\"potentialAction\":[{\"@type\":\"ReadAction\",\"target\":[\"https:\/\/freiconfaloni.org.br\/?page_id=699\"]}]},{\"@type\":\"WebSite\",\"@id\":\"https:\/\/freiconfaloni.org.br\/#website\",\"url\":\"https:\/\/freiconfaloni.org.br\/\",\"name\":\"Frei Confaloni\",\"description\":\"Portal freiconfaloni.org.br\",\"potentialAction\":[{\"@type\":\"SearchAction\",\"target\":{\"@type\":\"EntryPoint\",\"urlTemplate\":\"https:\/\/freiconfaloni.org.br\/?s={search_term_string}\"},\"query-input\":\"required name=search_term_string\"}],\"inLanguage\":\"pt-BR\"}]}<\/script>\n<!-- \/ Yoast SEO plugin. -->","yoast_head_json":{"title":"- Frei Confaloni","robots":{"index":"index","follow":"follow","max-snippet":"max-snippet:-1","max-image-preview":"max-image-preview:large","max-video-preview":"max-video-preview:-1"},"canonical":"https:\/\/freiconfaloni.org.br\/?page_id=699","og_locale":"pt_BR","og_type":"article","og_title":"- Frei Confaloni","og_url":"https:\/\/freiconfaloni.org.br\/?page_id=699","og_site_name":"Frei Confaloni","article_modified_time":"2024-12-02T19:12:07+00:00","twitter_card":"summary_large_image","schema":{"@context":"https:\/\/schema.org","@graph":[{"@type":"WebPage","@id":"https:\/\/freiconfaloni.org.br\/?page_id=699","url":"https:\/\/freiconfaloni.org.br\/?page_id=699","name":"- Frei Confaloni","isPartOf":{"@id":"https:\/\/freiconfaloni.org.br\/#website"},"datePublished":"2024-12-02T18:49:06+00:00","dateModified":"2024-12-02T19:12:07+00:00","inLanguage":"pt-BR","potentialAction":[{"@type":"ReadAction","target":["https:\/\/freiconfaloni.org.br\/?page_id=699"]}]},{"@type":"WebSite","@id":"https:\/\/freiconfaloni.org.br\/#website","url":"https:\/\/freiconfaloni.org.br\/","name":"Frei Confaloni","description":"Portal freiconfaloni.org.br","potentialAction":[{"@type":"SearchAction","target":{"@type":"EntryPoint","urlTemplate":"https:\/\/freiconfaloni.org.br\/?s={search_term_string}"},"query-input":"required name=search_term_string"}],"inLanguage":"pt-BR"}]}},"_links":{"self":[{"href":"https:\/\/freiconfaloni.org.br\/index.php?rest_route=\/wp\/v2\/pages\/699","targetHints":{"allow":["GET"]}}],"collection":[{"href":"https:\/\/freiconfaloni.org.br\/index.php?rest_route=\/wp\/v2\/pages"}],"about":[{"href":"https:\/\/freiconfaloni.org.br\/index.php?rest_route=\/wp\/v2\/types\/page"}],"author":[{"embeddable":true,"href":"https:\/\/freiconfaloni.org.br\/index.php?rest_route=\/wp\/v2\/users\/1"}],"replies":[{"embeddable":true,"href":"https:\/\/freiconfaloni.org.br\/index.php?rest_route=%2Fwp%2Fv2%2Fcomments&post=699"}],"version-history":[{"count":7,"href":"https:\/\/freiconfaloni.org.br\/index.php?rest_route=\/wp\/v2\/pages\/699\/revisions"}],"predecessor-version":[{"id":724,"href":"https:\/\/freiconfaloni.org.br\/index.php?rest_route=\/wp\/v2\/pages\/699\/revisions\/724"}],"wp:attachment":[{"href":"https:\/\/freiconfaloni.org.br\/index.php?rest_route=%2Fwp%2Fv2%2Fmedia&parent=699"}],"curies":[{"name":"wp","href":"https:\/\/api.w.org\/{rel}","templated":true}]}}